{"id":21,"date":"2026-02-06T03:27:24","date_gmt":"2026-02-06T03:27:24","guid":{"rendered":"https:\/\/alpacaqr.com\/australtrails\/?page_id=21"},"modified":"2026-03-22T22:08:55","modified_gmt":"2026-03-23T01:08:55","slug":"home","status":"publish","type":"page","link":"https:\/\/store.australtrails.com\/en\/","title":{"rendered":"Home"},"content":{"rendered":"\t\t<div data-elementor-type=\"wp-page\" data-elementor-id=\"21\" class=\"elementor elementor-21\" data-elementor-post-type=\"page\">\n\t\t\t\t<div class=\"elementor-element elementor-element-ea72eda e-flex e-con-boxed e-con e-parent\" data-id=\"ea72eda\" data-element_type=\"container\" data-e-type=\"container\" data-settings=\"{&quot;background_background&quot;:&quot;classic&quot;}\">\n\t\t\t\t\t<div class=\"e-con-inner\">\n\t\t\t\t<div class=\"elementor-element elementor-element-0ea6786 elementor-widget elementor-widget-image\" data-id=\"0ea6786\" data-element_type=\"widget\" data-e-type=\"widget\" data-widget_type=\"image.default\">\n\t\t\t\t\t\t\t\t\t\t\t\t\t\t\t<img fetchpriority=\"high\" decoding=\"async\" width=\"691\" height=\"384\" src=\"https:\/\/store.australtrails.com\/wp-content\/uploads\/2026\/02\/Asset-1logo.png\" class=\"attachment-large size-large wp-image-117\" alt=\"\" srcset=\"https:\/\/store.australtrails.com\/wp-content\/uploads\/2026\/02\/Asset-1logo.png 691w, https:\/\/store.australtrails.com\/wp-content\/uploads\/2026\/02\/Asset-1logo-600x333.png 600w, https:\/\/store.australtrails.com\/wp-content\/uploads\/2026\/02\/Asset-1logo-300x167.png 300w\" sizes=\"(max-width: 691px) 100vw, 691px\" \/>\t\t\t\t\t\t\t\t\t\t\t\t\t\t\t<\/div>\n\t\t\t\t<div class=\"elementor-element elementor-element-ea31229 elementor-widget elementor-widget-heading\" data-id=\"ea31229\" data-element_type=\"widget\" data-e-type=\"widget\" data-widget_type=\"heading.default\">\n\t\t\t\t\t<h2 class=\"elementor-heading-title elementor-size-default\">The store where<br>the adventure begins<\/h2>\t\t\t\t<\/div>\n\t\t\t\t\t<\/div>\n\t\t\t\t<\/div>\n\t\t<div class=\"elementor-element elementor-element-6a1cc22 e-flex e-con-boxed e-con e-parent\" data-id=\"6a1cc22\" data-element_type=\"container\" data-e-type=\"container\" data-settings=\"{&quot;background_background&quot;:&quot;classic&quot;}\">\n\t\t\t\t\t<div class=\"e-con-inner\">\n\t\t\t\t<div class=\"elementor-element elementor-element-6292fb1 elementor-pagination-type-bullets elementor-pagination-position-outside elementor-widget elementor-widget-n-carousel\" data-id=\"6292fb1\" data-element_type=\"widget\" data-e-type=\"widget\" data-settings=\"{&quot;carousel_items&quot;:[{&quot;slide_title&quot;:&quot;Slide #1&quot;,&quot;_id&quot;:&quot;ebb815d&quot;},{&quot;slide_title&quot;:&quot;Slide #1&quot;,&quot;_id&quot;:&quot;54f508c&quot;}],&quot;slides_to_show&quot;:&quot;1&quot;,&quot;slides_to_scroll&quot;:&quot;1&quot;,&quot;slides_to_show_tablet&quot;:&quot;2&quot;,&quot;slides_to_show_mobile&quot;:&quot;1&quot;,&quot;autoplay&quot;:&quot;yes&quot;,&quot;autoplay_speed&quot;:5000,&quot;pause_on_hover&quot;:&quot;yes&quot;,&quot;pause_on_interaction&quot;:&quot;yes&quot;,&quot;infinite&quot;:&quot;yes&quot;,&quot;speed&quot;:500,&quot;offset_sides&quot;:&quot;none&quot;,&quot;pagination&quot;:&quot;bullets&quot;,&quot;image_spacing_custom&quot;:{&quot;unit&quot;:&quot;px&quot;,&quot;size&quot;:10,&quot;sizes&quot;:[]},&quot;image_spacing_custom_tablet&quot;:{&quot;unit&quot;:&quot;px&quot;,&quot;size&quot;:&quot;&quot;,&quot;sizes&quot;:[]},&quot;image_spacing_custom_mobile&quot;:{&quot;unit&quot;:&quot;px&quot;,&quot;size&quot;:&quot;&quot;,&quot;sizes&quot;:[]}}\" data-widget_type=\"nested-carousel.default\">\n\t\t\t\t\t\t\t<div class=\"e-n-carousel swiper\" role=\"region\" aria-roledescription=\"carousel\" aria-label=\"Carousel\" dir=\"ltr\">\n\t\t\t<div class=\"swiper-wrapper\" aria-live=\"off\">\n\t\t\t\t\t\t\t\t\t\t<div class=\"swiper-slide\" data-slide=\"1\" role=\"group\" aria-roledescription=\"slide\" aria-label=\"1 de 2\">\n\t\t\t\t\t\t\t<div class=\"elementor-element elementor-element-32f3d82 e-con-full e-flex e-con e-child\" data-id=\"32f3d82\" data-element_type=\"container\" data-e-type=\"container\">\n\t\t<div class=\"elementor-element elementor-element-8117c3c e-con-full e-flex e-con e-child\" data-id=\"8117c3c\" data-element_type=\"container\" data-e-type=\"container\">\n\t\t<div class=\"elementor-element elementor-element-3ef44eb e-con-full e-flex e-con e-child\" data-id=\"3ef44eb\" data-element_type=\"container\" data-e-type=\"container\">\n\t\t\t\t<div class=\"elementor-element elementor-element-564573d elementor-widget elementor-widget-image\" data-id=\"564573d\" data-element_type=\"widget\" data-e-type=\"widget\" data-widget_type=\"image.default\">\n\t\t\t\t\t\t\t\t\t\t\t\t\t\t\t<img decoding=\"async\" width=\"1000\" height=\"667\" src=\"https:\/\/store.australtrails.com\/wp-content\/uploads\/2026\/03\/TITAN-FOREST-PATAGONIA-LARGADA-17-copy.webp\" class=\"attachment-full size-full wp-image-639\" alt=\"\" srcset=\"https:\/\/store.australtrails.com\/wp-content\/uploads\/2026\/03\/TITAN-FOREST-PATAGONIA-LARGADA-17-copy.webp 1000w, https:\/\/store.australtrails.com\/wp-content\/uploads\/2026\/03\/TITAN-FOREST-PATAGONIA-LARGADA-17-copy-300x200.webp 300w, https:\/\/store.australtrails.com\/wp-content\/uploads\/2026\/03\/TITAN-FOREST-PATAGONIA-LARGADA-17-copy-768x512.webp 768w, https:\/\/store.australtrails.com\/wp-content\/uploads\/2026\/03\/TITAN-FOREST-PATAGONIA-LARGADA-17-copy-18x12.webp 18w, https:\/\/store.australtrails.com\/wp-content\/uploads\/2026\/03\/TITAN-FOREST-PATAGONIA-LARGADA-17-copy-600x400.webp 600w\" sizes=\"(max-width: 1000px) 100vw, 1000px\" \/>\t\t\t\t\t\t\t\t\t\t\t\t\t\t\t<\/div>\n\t\t\t\t<\/div>\n\t\t<div class=\"elementor-element elementor-element-cff3b00 e-con-full e-flex e-con e-child\" data-id=\"cff3b00\" data-element_type=\"container\" data-e-type=\"container\">\n\t\t\t\t<div class=\"elementor-element elementor-element-5232021 elementor-widget elementor-widget-heading\" data-id=\"5232021\" data-element_type=\"widget\" data-e-type=\"widget\" data-widget_type=\"heading.default\">\n\t\t\t\t\t<h2 class=\"elementor-heading-title elementor-size-default\">TITAN FOREST PATAGONIA<\/h2>\t\t\t\t<\/div>\n\t\t\t\t<div class=\"elementor-element elementor-element-79b4a6e elementor-widget elementor-widget-heading\" data-id=\"79b4a6e\" data-element_type=\"widget\" data-e-type=\"widget\" data-widget_type=\"heading.default\">\n\t\t\t\t\t<h2 class=\"elementor-heading-title elementor-size-default\">\u00bfQuieres comprar en grupo? \u00a1Cont\u00e1ctanos!<\/h2>\t\t\t\t<\/div>\n\t\t\t\t<div class=\"elementor-element elementor-element-188244a elementor-widget elementor-widget-text-editor\" data-id=\"188244a\" data-element_type=\"widget\" data-e-type=\"widget\" data-widget_type=\"text-editor.default\">\n\t\t\t\t\t\t\t\t\t<p>Si necesitas desde 3 inscripciones o m\u00e1s contacta a nuestro equipo de ventas para gestionar tu compra.<\/p>\t\t\t\t\t\t\t\t<\/div>\n\t\t\t\t<div class=\"elementor-element elementor-element-ee0caee elementor-widget elementor-widget-button\" data-id=\"ee0caee\" data-element_type=\"widget\" data-e-type=\"widget\" data-widget_type=\"button.default\">\n\t\t\t\t\t\t\t\t\t\t<a class=\"elementor-button elementor-button-link elementor-size-sm\" href=\"https:\/\/api.whatsapp.com\/send?phone=56996101116\">\n\t\t\t\t\t\t<span class=\"elementor-button-content-wrapper\">\n\t\t\t\t\t\t<span class=\"elementor-button-icon\">\n\t\t\t\t<svg aria-hidden=\"true\" class=\"e-font-icon-svg e-fab-whatsapp\" viewBox=\"0 0 448 512\" xmlns=\"http:\/\/www.w3.org\/2000\/svg\"><path d=\"M380.9 97.1C339 55.1 283.2 32 223.9 32c-122.4 0-222 99.6-222 222 0 39.1 10.2 77.3 29.6 111L0 480l117.7-30.9c32.4 17.7 68.9 27 106.1 27h.1c122.3 0 224.1-99.6 224.1-222 0-59.3-25.2-115-67.1-157zm-157 341.6c-33.2 0-65.7-8.9-94-25.7l-6.7-4-69.8 18.3L72 359.2l-4.4-7c-18.5-29.4-28.2-63.3-28.2-98.2 0-101.7 82.8-184.5 184.6-184.5 49.3 0 95.6 19.2 130.4 54.1 34.8 34.9 56.2 81.2 56.1 130.5 0 101.8-84.9 184.6-186.6 184.6zm101.2-138.2c-5.5-2.8-32.8-16.2-37.9-18-5.1-1.9-8.8-2.8-12.5 2.8-3.7 5.6-14.3 18-17.6 21.8-3.2 3.7-6.5 4.2-12 1.4-32.6-16.3-54-29.1-75.5-66-5.7-9.8 5.7-9.1 16.3-30.3 1.8-3.7.9-6.9-.5-9.7-1.4-2.8-12.5-30.1-17.1-41.2-4.5-10.8-9.1-9.3-12.5-9.5-3.2-.2-6.9-.2-10.6-.2-3.7 0-9.7 1.4-14.8 6.9-5.1 5.6-19.4 19-19.4 46.3 0 27.3 19.9 53.7 22.6 57.4 2.8 3.7 39.1 59.7 94.8 83.8 35.2 15.2 49 16.5 66.6 13.9 10.7-1.6 32.8-13.4 37.4-26.4 4.6-13 4.6-24.1 3.2-26.4-1.3-2.5-5-3.9-10.5-6.6z\"><\/path><\/svg>\t\t\t<\/span>\n\t\t\t\t\t\t\t\t\t<span class=\"elementor-button-text\">Contactar aqu\u00ed<\/span>\n\t\t\t\t\t<\/span>\n\t\t\t\t\t<\/a>\n\t\t\t\t\t\t\t\t<\/div>\n\t\t\t\t<\/div>\n\t\t\t\t<\/div>\n\t\t\t\t<\/div>\n\t\t\t\t\t\t\t\t<\/div>\n\t\t\t\t\t\t\t\t\t\t\t<div class=\"swiper-slide\" data-slide=\"2\" role=\"group\" aria-roledescription=\"slide\" aria-label=\"2 de 2\">\n\t\t\t\t\t\t\t<div class=\"elementor-element elementor-element-ce1be13 e-con-full e-flex e-con e-child\" data-id=\"ce1be13\" data-element_type=\"container\" data-e-type=\"container\">\n\t\t<div class=\"elementor-element elementor-element-4bf2286 e-con-full e-flex e-con e-child\" data-id=\"4bf2286\" data-element_type=\"container\" data-e-type=\"container\">\n\t\t<div class=\"elementor-element elementor-element-a79d139 e-con-full e-flex e-con e-child\" data-id=\"a79d139\" data-element_type=\"container\" data-e-type=\"container\">\n\t\t\t\t<div class=\"elementor-element elementor-element-6c65dfe elementor-widget elementor-widget-image\" data-id=\"6c65dfe\" data-element_type=\"widget\" data-e-type=\"widget\" data-widget_type=\"image.default\">\n\t\t\t\t\t\t\t\t\t\t\t\t\t\t\t<img decoding=\"async\" width=\"1000\" height=\"667\" src=\"https:\/\/store.australtrails.com\/wp-content\/uploads\/2026\/03\/TITAN-FOREST-PAT-@ERICKVALERO.S-925-copy.webp\" class=\"attachment-full size-full wp-image-638\" alt=\"\" srcset=\"https:\/\/store.australtrails.com\/wp-content\/uploads\/2026\/03\/TITAN-FOREST-PAT-@ERICKVALERO.S-925-copy.webp 1000w, https:\/\/store.australtrails.com\/wp-content\/uploads\/2026\/03\/TITAN-FOREST-PAT-@ERICKVALERO.S-925-copy-300x200.webp 300w, https:\/\/store.australtrails.com\/wp-content\/uploads\/2026\/03\/TITAN-FOREST-PAT-@ERICKVALERO.S-925-copy-768x512.webp 768w, https:\/\/store.australtrails.com\/wp-content\/uploads\/2026\/03\/TITAN-FOREST-PAT-@ERICKVALERO.S-925-copy-18x12.webp 18w, https:\/\/store.australtrails.com\/wp-content\/uploads\/2026\/03\/TITAN-FOREST-PAT-@ERICKVALERO.S-925-copy-600x400.webp 600w\" sizes=\"(max-width: 1000px) 100vw, 1000px\" \/>\t\t\t\t\t\t\t\t\t\t\t\t\t\t\t<\/div>\n\t\t\t\t<\/div>\n\t\t<div class=\"elementor-element elementor-element-93125cc e-con-full e-flex e-con e-child\" data-id=\"93125cc\" data-element_type=\"container\" data-e-type=\"container\">\n\t\t\t\t<div class=\"elementor-element elementor-element-1b60be5 elementor-widget elementor-widget-heading\" data-id=\"1b60be5\" data-element_type=\"widget\" data-e-type=\"widget\" data-widget_type=\"heading.default\">\n\t\t\t\t\t<h2 class=\"elementor-heading-title elementor-size-default\">Titan Forest Patagonia<\/h2>\t\t\t\t<\/div>\n\t\t\t\t<div class=\"elementor-element elementor-element-1eb8b7f elementor-widget elementor-widget-heading\" data-id=\"1eb8b7f\" data-element_type=\"widget\" data-e-type=\"widget\" data-widget_type=\"heading.default\">\n\t\t\t\t\t<h2 class=\"elementor-heading-title elementor-size-default\">\u00bfVives en Ays\u00e9n? Conoce sobre los descuentos y becas disponibles.<\/h2>\t\t\t\t<\/div>\n\t\t\t\t<div class=\"elementor-element elementor-element-35f7a6b elementor-widget elementor-widget-button\" data-id=\"35f7a6b\" data-element_type=\"widget\" data-e-type=\"widget\" data-widget_type=\"button.default\">\n\t\t\t\t\t\t\t\t\t\t<a class=\"elementor-button elementor-button-link elementor-size-sm\" href=\"#elementor-action%3Aaction%3Dpopup%3Aopen%26settings%3DeyJpZCI6IjYzMiIsInRvZ2dsZSI6ZmFsc2V9\">\n\t\t\t\t\t\t<span class=\"elementor-button-content-wrapper\">\n\t\t\t\t\t\t\t\t\t<span class=\"elementor-button-text\">Conoce M\u00e1s<\/span>\n\t\t\t\t\t<\/span>\n\t\t\t\t\t<\/a>\n\t\t\t\t\t\t\t\t<\/div>\n\t\t\t\t<\/div>\n\t\t\t\t<\/div>\n\t\t\t\t<\/div>\n\t\t\t\t\t\t\t\t<\/div>\n\t\t\t\t\t\t\t\t<\/div>\n\t\t<\/div>\n\t\t\t\t\t<div class=\"swiper-pagination\"><\/div>\n\t\t\t\t\t\t<\/div>\n\t\t\t\t\t<\/div>\n\t\t\t\t<\/div>\n\t\t<div class=\"elementor-element elementor-element-56ece59 e-flex e-con-boxed e-con e-parent\" data-id=\"56ece59\" data-element_type=\"container\" data-e-type=\"container\">\n\t\t\t\t\t<div class=\"e-con-inner\">\n\t\t\t\t<div class=\"elementor-element elementor-element-ab11a0f elementor-widget elementor-widget-heading\" data-id=\"ab11a0f\" data-element_type=\"widget\" data-e-type=\"widget\" data-widget_type=\"heading.default\">\n\t\t\t\t\t<h2 class=\"elementor-heading-title elementor-size-default\">Proximos Eventos<\/h2>\t\t\t\t<\/div>\n\t\t<div class=\"elementor-element elementor-element-5433c38 e-grid e-con-full e-con e-child\" data-id=\"5433c38\" data-element_type=\"container\" data-e-type=\"container\">\n\t\t<div class=\"elementor-element elementor-element-2585f6f e-con-full e-flex e-con e-child\" data-id=\"2585f6f\" data-element_type=\"container\" data-e-type=\"container\">\n\t\t<div class=\"elementor-element elementor-element-01d630d e-con-full e-flex e-con e-child\" data-id=\"01d630d\" data-element_type=\"container\" data-e-type=\"container\">\n\t\t\t\t<div class=\"elementor-element elementor-element-8a3ac93 elementor-widget elementor-widget-image\" data-id=\"8a3ac93\" data-element_type=\"widget\" data-e-type=\"widget\" data-widget_type=\"image.default\">\n\t\t\t\t\t\t\t\t\t\t\t\t\t\t\t\t<a href=\"https:\/\/store.australtrails.com\/titan\/\">\n\t\t\t\t\t\t\t<img loading=\"lazy\" decoding=\"async\" width=\"800\" height=\"617\" src=\"https:\/\/store.australtrails.com\/wp-content\/uploads\/2026\/03\/GENERAL-INSCRIPCIONES-1024x790.png\" class=\"attachment-large size-large wp-image-903\" alt=\"\" srcset=\"https:\/\/store.australtrails.com\/wp-content\/uploads\/2026\/03\/GENERAL-INSCRIPCIONES-1024x790.png 1024w, https:\/\/store.australtrails.com\/wp-content\/uploads\/2026\/03\/GENERAL-INSCRIPCIONES-300x231.png 300w, https:\/\/store.australtrails.com\/wp-content\/uploads\/2026\/03\/GENERAL-INSCRIPCIONES-768x592.png 768w, https:\/\/store.australtrails.com\/wp-content\/uploads\/2026\/03\/GENERAL-INSCRIPCIONES-16x12.png 16w, https:\/\/store.australtrails.com\/wp-content\/uploads\/2026\/03\/GENERAL-INSCRIPCIONES-600x463.png 600w, https:\/\/store.australtrails.com\/wp-content\/uploads\/2026\/03\/GENERAL-INSCRIPCIONES.png 1400w\" sizes=\"(max-width: 800px) 100vw, 800px\" \/>\t\t\t\t\t\t\t\t<\/a>\n\t\t\t\t\t\t\t\t\t\t\t\t\t\t\t<\/div>\n\t\t\t\t<div class=\"elementor-element elementor-element-392d3a2 elementor-widget elementor-widget-heading\" data-id=\"392d3a2\" data-element_type=\"widget\" data-e-type=\"widget\" data-widget_type=\"heading.default\">\n\t\t\t\t\t<h2 class=\"elementor-heading-title elementor-size-default\"><a href=\"https:\/\/store.australtrails.com\/titan\/\">Titan Forest Patagonia<\/a><\/h2>\t\t\t\t<\/div>\n\t\t\t\t<div class=\"elementor-element elementor-element-3630f26 elementor-widget elementor-widget-text-editor\" data-id=\"3630f26\" data-element_type=\"widget\" data-e-type=\"widget\" data-widget_type=\"text-editor.default\">\n\t\t\t\t\t\t\t\t\t<p><strong>Ays\u00e9n, Chile<\/strong><br \/><strong>1 \u2013 6th noviembre, 2026<\/strong><\/p><p>S\u00e9 parte de la experiencia que combina ciclismo, compa\u00f1erismo y aventura en el coraz\u00f3n de la Patagonia Chilena. Durante cuatro d\u00edas, sobre tu bicicleta de gravel o mountain bike, desafiar\u00e1s tus propios l\u00edmites en algunas de las rutas m\u00e1s impresionantes del continente, formar\u00e1s parte de la comunidad Tit\u00e1n en el campamento y vivir\u00e1s momentos inolvidables junto a ciclistas de todo el planeta.<\/p>\t\t\t\t\t\t\t\t<\/div>\n\t\t\t\t<\/div>\n\t\t\t\t<div class=\"elementor-element elementor-element-540262a elementor-widget elementor-widget-button\" data-id=\"540262a\" data-element_type=\"widget\" data-e-type=\"widget\" data-widget_type=\"button.default\">\n\t\t\t\t\t\t\t\t\t\t<a class=\"elementor-button elementor-button-link elementor-size-sm\" href=\"https:\/\/store.australtrails.com\/titan\/\">\n\t\t\t\t\t\t<span class=\"elementor-button-content-wrapper\">\n\t\t\t\t\t\t\t\t\t<span class=\"elementor-button-text\">Ver Evento<\/span>\n\t\t\t\t\t<\/span>\n\t\t\t\t\t<\/a>\n\t\t\t\t\t\t\t\t<\/div>\n\t\t\t\t<\/div>\n\t\t\t\t<\/div>\n\t\t\t\t\t<\/div>\n\t\t\t\t<\/div>\n\t\t\t\t<\/div>\n\t\t","protected":false},"excerpt":{"rendered":"<p>The store wherethe adventure begins TITAN FOREST PATAGONIA \u00bfQuieres comprar en grupo? \u00a1Cont\u00e1ctanos! Si necesitas desde 3 inscripciones o m\u00e1s contacta a nuestro equipo de ventas para gestionar tu compra. Contactar aqu\u00ed Titan Forest Patagonia \u00bfVives en Ays\u00e9n? Conoce sobre los descuentos y becas disponibles. Conoce M\u00e1s TITAN FOREST PATAGONIA \u00bfQuieres comprar en grupo? \u00a1Cont\u00e1ctanos! [&hellip;]<\/p>\n","protected":false},"author":1,"featured_media":0,"parent":0,"menu_order":0,"comment_status":"closed","ping_status":"closed","template":"","meta":{"_acf_changed":false,"footnotes":""},"class_list":["post-21","page","type-page","status-publish","hentry"],"acf":[],"_links":{"self":[{"href":"https:\/\/store.australtrails.com\/en\/wp-json\/wp\/v2\/pages\/21","targetHints":{"allow":["GET"]}}],"collection":[{"href":"https:\/\/store.australtrails.com\/en\/wp-json\/wp\/v2\/pages"}],"about":[{"href":"https:\/\/store.australtrails.com\/en\/wp-json\/wp\/v2\/types\/page"}],"author":[{"embeddable":true,"href":"https:\/\/store.australtrails.com\/en\/wp-json\/wp\/v2\/users\/1"}],"replies":[{"embeddable":true,"href":"https:\/\/store.australtrails.com\/en\/wp-json\/wp\/v2\/comments?post=21"}],"version-history":[{"count":103,"href":"https:\/\/store.australtrails.com\/en\/wp-json\/wp\/v2\/pages\/21\/revisions"}],"predecessor-version":[{"id":912,"href":"https:\/\/store.australtrails.com\/en\/wp-json\/wp\/v2\/pages\/21\/revisions\/912"}],"wp:attachment":[{"href":"https:\/\/store.australtrails.com\/en\/wp-json\/wp\/v2\/media?parent=21"}],"curies":[{"name":"wp","href":"https:\/\/api.w.org\/{rel}","templated":true}]}}